{"id":2026,"date":"2021-01-25T21:40:49","date_gmt":"2021-01-25T20:40:49","guid":{"rendered":"http:\/\/zsgrobla.pl\/?page_id=2026"},"modified":"2024-02-24T16:40:07","modified_gmt":"2024-02-24T15:40:07","slug":"kontakt-do-nauczycieli","status":"publish","type":"page","link":"https:\/\/zsgrobla.pl\/?page_id=2026","title":{"rendered":"Kontakt do nauczycieli"},"content":{"rendered":"\t\t<div data-elementor-type=\"wp-page\" data-elementor-id=\"2026\" class=\"elementor elementor-2026\">\n\t\t\t\t\t\t<section class=\"elementor-section elementor-top-section elementor-element elementor-element-f91c55e elementor-section-boxed elementor-section-height-default elementor-section-height-default\" data-id=\"f91c55e\" data-element_type=\"section\">\n\t\t\t\t\t\t<div class=\"elementor-container elementor-column-gap-default\">\n\t\t\t\t\t<div class=\"elementor-column elementor-col-100 elementor-top-column elementor-element elementor-element-b8dc2be\" data-id=\"b8dc2be\" data-element_type=\"column\">\n\t\t\t<div class=\"elementor-widget-wrap elementor-element-populated\">\n\t\t\t\t\t\t<div class=\"elementor-element elementor-element-b755561 elementor-widget elementor-widget-text-editor\" data-id=\"b755561\" data-element_type=\"widget\" data-widget_type=\"text-editor.default\">\n\t\t\t\t<div class=\"elementor-widget-container\">\n\t\t\t\t\t\t\t<p><span style=\"color: #008000;\"><strong>Dane adresowe udost\u0119pnione na stronie szko\u0142y:<\/strong><\/span><\/p><p>\u00a0<\/p><ul><li>Adam Boro\u0144: adamtf@interia.pl<\/li><li>Agnieszka G\u0142ogowska: aglogowska88@gmail.com<\/li><li>Marta Ka\u017amirek: m.kazmirek12@gmail.com<\/li><li>Janina Malina: j.malina61@gmail.com<\/li><li>Justyna Le\u015bniak: justynaspgrobla@gmail.com<\/li><li>Dorota Muska\u0142a: d.muskala@gmail.com<\/li><li>Urszula Samolej: spgwychowawca.kl1@gmail.com<\/li><li>Halina Majka: halina.majka@adres.pl<\/li><li>Ewa Kurzywilk: ekurzywilk@wp.pl<\/li><li>Barbara Szczygie\u0142: barbaraszczygiel58@gmail.com, tel: 601-685-958<\/li><li>Justyna Furma\u0144ska: justyna.furmanska@onet.eu<\/li><li>Danuta Mardy\u0142a: danuta.mardyla@gmail.com<\/li><li>Teresa M\u0105czka: teresamaczka123@gmail.com<\/li><li>Jadwiga Ku\u015bnierz: jadwiga.kusnierz@interia.pl<\/li><li>Bernadetta Duda-Trojak: betroszkola@gmail.com<\/li><li>Magdalena Piek\u0142o: magdalena.pieklo@onet.pl<\/li><li>Barbara Gondek-Matusik: b.gondek71@gmail.com, tel. 501 355 541<\/li><\/ul>\t\t\t\t\t\t<\/div>\n\t\t\t\t<\/div>\n\t\t\t\t\t<\/div>\n\t\t<\/div>\n\t\t\t\t\t<\/div>\n\t\t<\/section>\n\t\t\t\t<\/div>\n\t\t","protected":false},"excerpt":{"rendered":"<p>Dane adresowe udost\u0119pnione na stronie szko\u0142y: Adam Boro\u0144: adamtf@interia.pl Agnieszka G\u0142ogowska: aglogowska88@gmail.com Marta Ka\u017amirek: m.kazmirek12@gmail.com Janina Malina: j.malina61@gmail.com Justyna Le\u015bniak: justynaspgrobla@gmail.com Dorota Muska\u0142a: d.muskala@gmail.com Urszula Samolej: spgwychowawca.kl1@gmail.com Halina Majka: halina.majka@adres.pl Ewa Kurzywilk: ekurzywilk@wp.pl Barbara Szczygie\u0142: barbaraszczygiel58@gmail.com, tel: 601-685-958 Justyna Furma\u0144ska: justyna.furmanska@onet.eu Danuta Mardy\u0142a: danuta.mardyla@gmail.com Teresa M\u0105czka: teresamaczka123@gmail.com Jadwiga Ku\u015bnierz: jadwiga.kusnierz@interia.pl [&hellip;]<\/p>\n","protected":false},"author":1,"featured_media":0,"parent":0,"menu_order":0,"comment_status":"closed","ping_status":"closed","template":"","meta":{"footnotes":""},"class_list":["post-2026","page","type-page","status-publish","hentry"],"yoast_head":"<!-- This site is optimized with the Yoast SEO plugin v22.8 - https:\/\/yoast.com\/wordpress\/plugins\/seo\/ -->\n<title>Kontakt do nauczycieli - Szko\u0142a Podstawowa w Grobli<\/title>\n<meta name=\"robots\" content=\"index, follow, max-snippet:-1, max-image-preview:large, max-video-preview:-1\" \/>\n<link rel=\"canonical\" href=\"https:\/\/zsgrobla.pl\/?page_id=2026\" \/>\n<meta property=\"og:locale\" content=\"pl_PL\" \/>\n<meta property=\"og:type\" content=\"article\" \/>\n<meta property=\"og:title\" content=\"Kontakt do nauczycieli - Szko\u0142a Podstawowa w Grobli\" \/>\n<meta property=\"og:description\" content=\"Dane adresowe udost\u0119pnione na stronie szko\u0142y: Adam Boro\u0144: adamtf@interia.pl Agnieszka G\u0142ogowska: aglogowska88@gmail.com Marta Ka\u017amirek: m.kazmirek12@gmail.com Janina Malina: j.malina61@gmail.com Justyna Le\u015bniak: justynaspgrobla@gmail.com Dorota Muska\u0142a: d.muskala@gmail.com Urszula Samolej: spgwychowawca.kl1@gmail.com Halina Majka: halina.majka@adres.pl Ewa Kurzywilk: ekurzywilk@wp.pl Barbara Szczygie\u0142: barbaraszczygiel58@gmail.com, tel: 601-685-958 Justyna Furma\u0144ska: justyna.furmanska@onet.eu Danuta Mardy\u0142a: danuta.mardyla@gmail.com Teresa M\u0105czka: teresamaczka123@gmail.com Jadwiga Ku\u015bnierz: jadwiga.kusnierz@interia.pl [&hellip;]\" \/>\n<meta property=\"og:url\" content=\"https:\/\/zsgrobla.pl\/?page_id=2026\" \/>\n<meta property=\"og:site_name\" content=\"Szko\u0142a Podstawowa w Grobli\" \/>\n<meta property=\"article:modified_time\" content=\"2024-02-24T15:40:07+00:00\" \/>\n<meta name=\"twitter:card\" content=\"summary_large_image\" \/>\n<meta name=\"twitter:label1\" content=\"Szacowany czas czytania\" \/>\n\t<meta name=\"twitter:data1\" content=\"1 minuta\" \/>\n<script type=\"application\/ld+json\" class=\"yoast-schema-graph\">{\"@context\":\"https:\/\/schema.org\",\"@graph\":[{\"@type\":\"WebPage\",\"@id\":\"https:\/\/zsgrobla.pl\/?page_id=2026\",\"url\":\"https:\/\/zsgrobla.pl\/?page_id=2026\",\"name\":\"Kontakt do nauczycieli - Szko\u0142a Podstawowa w Grobli\",\"isPartOf\":{\"@id\":\"https:\/\/zsgrobla.pl\/#website\"},\"datePublished\":\"2021-01-25T20:40:49+00:00\",\"dateModified\":\"2024-02-24T15:40:07+00:00\",\"breadcrumb\":{\"@id\":\"https:\/\/zsgrobla.pl\/?page_id=2026#breadcrumb\"},\"inLanguage\":\"pl-PL\",\"potentialAction\":[{\"@type\":\"ReadAction\",\"target\":[\"https:\/\/zsgrobla.pl\/?page_id=2026\"]}]},{\"@type\":\"BreadcrumbList\",\"@id\":\"https:\/\/zsgrobla.pl\/?page_id=2026#breadcrumb\",\"itemListElement\":[{\"@type\":\"ListItem\",\"position\":1,\"name\":\"Home\",\"item\":\"https:\/\/zsgrobla.pl\/\"},{\"@type\":\"ListItem\",\"position\":2,\"name\":\"Kontakt do nauczycieli\"}]},{\"@type\":\"WebSite\",\"@id\":\"https:\/\/zsgrobla.pl\/#website\",\"url\":\"https:\/\/zsgrobla.pl\/\",\"name\":\"Szko\u0142a Podstawowa w Grobli\",\"description\":\"Strona Publicznej Szko\u0142y Podstawowej w Grobli\",\"potentialAction\":[{\"@type\":\"SearchAction\",\"target\":{\"@type\":\"EntryPoint\",\"urlTemplate\":\"https:\/\/zsgrobla.pl\/?s={search_term_string}\"},\"query-input\":\"required name=search_term_string\"}],\"inLanguage\":\"pl-PL\"}]}<\/script>\n<!-- \/ Yoast SEO plugin. -->","yoast_head_json":{"title":"Kontakt do nauczycieli - Szko\u0142a Podstawowa w Grobli","robots":{"index":"index","follow":"follow","max-snippet":"max-snippet:-1","max-image-preview":"max-image-preview:large","max-video-preview":"max-video-preview:-1"},"canonical":"https:\/\/zsgrobla.pl\/?page_id=2026","og_locale":"pl_PL","og_type":"article","og_title":"Kontakt do nauczycieli - Szko\u0142a Podstawowa w Grobli","og_description":"Dane adresowe udost\u0119pnione na stronie szko\u0142y: Adam Boro\u0144: adamtf@interia.pl Agnieszka G\u0142ogowska: aglogowska88@gmail.com Marta Ka\u017amirek: m.kazmirek12@gmail.com Janina Malina: j.malina61@gmail.com Justyna Le\u015bniak: justynaspgrobla@gmail.com Dorota Muska\u0142a: d.muskala@gmail.com Urszula Samolej: spgwychowawca.kl1@gmail.com Halina Majka: halina.majka@adres.pl Ewa Kurzywilk: ekurzywilk@wp.pl Barbara Szczygie\u0142: barbaraszczygiel58@gmail.com, tel: 601-685-958 Justyna Furma\u0144ska: justyna.furmanska@onet.eu Danuta Mardy\u0142a: danuta.mardyla@gmail.com Teresa M\u0105czka: teresamaczka123@gmail.com Jadwiga Ku\u015bnierz: jadwiga.kusnierz@interia.pl [&hellip;]","og_url":"https:\/\/zsgrobla.pl\/?page_id=2026","og_site_name":"Szko\u0142a Podstawowa w Grobli","article_modified_time":"2024-02-24T15:40:07+00:00","twitter_card":"summary_large_image","twitter_misc":{"Szacowany czas czytania":"1 minuta"},"schema":{"@context":"https:\/\/schema.org","@graph":[{"@type":"WebPage","@id":"https:\/\/zsgrobla.pl\/?page_id=2026","url":"https:\/\/zsgrobla.pl\/?page_id=2026","name":"Kontakt do nauczycieli - Szko\u0142a Podstawowa w Grobli","isPartOf":{"@id":"https:\/\/zsgrobla.pl\/#website"},"datePublished":"2021-01-25T20:40:49+00:00","dateModified":"2024-02-24T15:40:07+00:00","breadcrumb":{"@id":"https:\/\/zsgrobla.pl\/?page_id=2026#breadcrumb"},"inLanguage":"pl-PL","potentialAction":[{"@type":"ReadAction","target":["https:\/\/zsgrobla.pl\/?page_id=2026"]}]},{"@type":"BreadcrumbList","@id":"https:\/\/zsgrobla.pl\/?page_id=2026#breadcrumb","itemListElement":[{"@type":"ListItem","position":1,"name":"Home","item":"https:\/\/zsgrobla.pl\/"},{"@type":"ListItem","position":2,"name":"Kontakt do nauczycieli"}]},{"@type":"WebSite","@id":"https:\/\/zsgrobla.pl\/#website","url":"https:\/\/zsgrobla.pl\/","name":"Szko\u0142a Podstawowa w Grobli","description":"Strona Publicznej Szko\u0142y Podstawowej w Grobli","potentialAction":[{"@type":"SearchAction","target":{"@type":"EntryPoint","urlTemplate":"https:\/\/zsgrobla.pl\/?s={search_term_string}"},"query-input":"required name=search_term_string"}],"inLanguage":"pl-PL"}]}},"_links":{"self":[{"href":"https:\/\/zsgrobla.pl\/index.php?rest_route=\/wp\/v2\/pages\/2026","targetHints":{"allow":["GET"]}}],"collection":[{"href":"https:\/\/zsgrobla.pl\/index.php?rest_route=\/wp\/v2\/pages"}],"about":[{"href":"https:\/\/zsgrobla.pl\/index.php?rest_route=\/wp\/v2\/types\/page"}],"author":[{"embeddable":true,"href":"https:\/\/zsgrobla.pl\/index.php?rest_route=\/wp\/v2\/users\/1"}],"replies":[{"embeddable":true,"href":"https:\/\/zsgrobla.pl\/index.php?rest_route=%2Fwp%2Fv2%2Fcomments&post=2026"}],"version-history":[{"count":15,"href":"https:\/\/zsgrobla.pl\/index.php?rest_route=\/wp\/v2\/pages\/2026\/revisions"}],"predecessor-version":[{"id":6497,"href":"https:\/\/zsgrobla.pl\/index.php?rest_route=\/wp\/v2\/pages\/2026\/revisions\/6497"}],"wp:attachment":[{"href":"https:\/\/zsgrobla.pl\/index.php?rest_route=%2Fwp%2Fv2%2Fmedia&parent=2026"}],"curies":[{"name":"wp","href":"https:\/\/api.w.org\/{rel}","templated":true}]}}